{"id":1472,"date":"2025-07-10T13:10:50","date_gmt":"2025-07-10T11:10:50","guid":{"rendered":"https:\/\/paleturquoise-grouse-490822.hostingersite.com\/?page_id=1472"},"modified":"2025-08-04T17:41:36","modified_gmt":"2025-08-04T15:41:36","slug":"imprint","status":"publish","type":"page","link":"https:\/\/camping-schaffhausen.ch\/en\/impressum\/","title":{"rendered":"Imprint"},"content":{"rendered":"<div data-elementor-type=\"wp-page\" data-elementor-id=\"1472\" class=\"elementor elementor-1472\" data-elementor-post-type=\"page\">\n\t\t\t\t<div class=\"elementor-element elementor-element-7de8298 e-con-full e-flex e-con e-parent\" data-id=\"7de8298\" data-element_type=\"container\" data-e-type=\"container\">\n\t\t<div class=\"elementor-element elementor-element-9200775 e-con-full e-flex e-con e-child\" data-id=\"9200775\" data-element_type=\"container\" data-e-type=\"container\" data-settings=\"{&quot;background_background&quot;:&quot;classic&quot;}\">\n\t\t\t\t<\/div>\n\t\t\t\t<\/div>\n\t\t<div class=\"elementor-element elementor-element-c0100a1 e-flex e-con-boxed e-con e-parent\" data-id=\"c0100a1\" data-element_type=\"container\" data-e-type=\"container\">\n\t\t\t\t\t<div class=\"e-con-inner\">\n\t\t\t\t<div class=\"elementor-element elementor-element-1cf5b2a elementor-widget elementor-widget-heading\" data-id=\"1cf5b2a\" data-element_type=\"widget\" data-e-type=\"widget\" data-widget_type=\"heading.default\">\n\t\t\t\t<div class=\"elementor-widget-container\">\n\t\t\t\t\t<h2 class=\"elementor-heading-title elementor-size-default\">Imprint<\/h2>\t\t\t\t<\/div>\n\t\t\t\t<\/div>\n\t\t\t\t<div class=\"elementor-element elementor-element-4288277 elementor-widget elementor-widget-text-editor\" data-id=\"4288277\" data-element_type=\"widget\" data-e-type=\"widget\" data-widget_type=\"text-editor.default\">\n\t\t\t\t<div class=\"elementor-widget-container\">\n\t\t\t\t\t\t\t\t\t<p><strong>Lessor:<\/strong><\/p><p>Feuerthalen municipal administration<br \/>Rheinwiese leisure centre<br \/>Tr\u00fcllerg\u00e4ssli 6<br \/>8245 Feuerthalen<br \/>Switzerland<\/p><p>Phone +41 (0)52 647 47 47<br \/>Fax +41 (0)52 647 47 48<br \/>E-mail: kanzlei@feuerthalen.ch<br \/>Internet: www.feuerthalen.ch<\/p><p>Please read the following conditions carefully before proceeding. Persons who log on to the Freizeitanlage Rheinwiese und Camping Schaffhausen website signify their agreement to the following conditions.<\/p><p>\u00a0<\/p><p><strong>Copyright and trade mark rights<\/strong><\/p><p>The entire content of the Freizeitanlage Rheinwiese and Camping Schaffhausen website is protected by copyright. All rights belong to RheinGenuss GmbH.<\/p><p>\u00a0<\/p><p><strong>No warranty<\/strong><\/p><p>Although the municipality of Feuerthalen has taken all possible care to safeguard the reliability of the information contained on the www.camping-schaffhausen.ch website at the time of its publication, the municipality of Feuerthalen can give no assurance or warranty (including to third parties) in respect of the accuracy, reliability or completeness of the information on www.camping-schaffhausen.ch. The municipality of Feuerthalen accepts no responsibility and gives no guarantee to the effect that the functions contained on the www.camping-schaffhausen.ch website will not be interrupted or that the www.camping-schaffhausen.ch website or the relevant server is or are free from viruses or other harmful contents.<\/p><p>\u00a0<\/p><p><strong>Links to other websites<\/strong><\/p><p>The www.camping-schaffhausen.ch website contains links to third-party websites that may be of interest to you. When activating these links you might leave the www.camping-schaffhausen.ch website or summaries of third-party websites may be displayed within the context of the www.camping-schaffhausen.ch website. The municipality of Feuerthalen has not carried out any checks whatsoever on the websites of third parties accessible via links on the camping-schaffhausen.ch website and is in no way responsible for their content or effective operation. This applies regardless of whether when activating the link you leave the camping-schaffhausen.ch website or the display appears within the context of the camping-schaffhausen.ch website, as well as if in the latter case the information provider of an external website is not immediately obvious. The establishment of this link or consultation of third-party websites is entirely at the risk and peril of the user.<\/p><p>\u00a0<\/p><p><strong>Data protection<\/strong><\/p><p>The municipality of Feuerthalen attaches great importance to data protection. We would like to point out that your visit to our website and your registration\/booking\/message automatically provide us with information that enables us to find out how visitors use our website and which information and offers are of particular interest. If you register personally or make reservations via our website or request information material or other services, we require personal information from you, such as your name and address. We will treat your personal data confidentially.<\/p><p>\u00a0<\/p><p><strong>Transmission of e-mail<\/strong><\/p><p>The municipality of Feuerthalen sends information with further information, e.g. about updated websites or special offers, by e-mail. If you register for this service, we would like to point out that the transmission of e-mails is generally unencrypted and involves the risk that such data may be intercepted and viewed by third parties.<\/p><p>\u00a0<\/p><p><strong>Disclaimer<\/strong><\/p><p>Despite careful control of the content, we accept no liability for the content of external links. The operators of the linked pages are solely responsible for their content.<\/p>\t\t\t\t\t\t\t\t<\/div>\n\t\t\t\t<\/div>\n\t\t\t\t\t<\/div>\n\t\t\t\t<\/div>\n\t\t\t\t<\/div>","protected":false},"excerpt":{"rendered":"<p>Impressum Verp\u00e4chterin: Gemeindeverwaltung FeuerthalenFreizeitanlage RheinwieseTr\u00fcllerg\u00e4ssli 68245 FeuerthalenSchweiz Tel. +41 (0)52 647 47 47Fax +41 (0)52 647 47 48E-Mail: kanzlei@feuerthalen.chInternet: www.feuerthalen.ch Bitte lesen Sie die nachfolgenden Bedingungen aufmerksam durch, bevor Sie fortfahren. Personen, welche die Website Freizeitanlage Rheinwiese und Camping Schaffhausen abrufen, erkl\u00e4ren sich mit den nachstehenden Bedingungen einverstanden. \u00a0 Copyright und Markenrechte Der gesamte Inhalt [&hellip;]<\/p>\n","protected":false},"author":1,"featured_media":0,"parent":0,"menu_order":0,"comment_status":"closed","ping_status":"closed","template":"","meta":{"footnotes":""},"folder":[23],"class_list":["post-1472","page","type-page","status-publish","hentry"],"_links":{"self":[{"href":"https:\/\/camping-schaffhausen.ch\/en\/wp-json\/wp\/v2\/pages\/1472","targetHints":{"allow":["GET"]}}],"collection":[{"href":"https:\/\/camping-schaffhausen.ch\/en\/wp-json\/wp\/v2\/pages"}],"about":[{"href":"https:\/\/camping-schaffhausen.ch\/en\/wp-json\/wp\/v2\/types\/page"}],"author":[{"embeddable":true,"href":"https:\/\/camping-schaffhausen.ch\/en\/wp-json\/wp\/v2\/users\/1"}],"replies":[{"embeddable":true,"href":"https:\/\/camping-schaffhausen.ch\/en\/wp-json\/wp\/v2\/comments?post=1472"}],"version-history":[{"count":11,"href":"https:\/\/camping-schaffhausen.ch\/en\/wp-json\/wp\/v2\/pages\/1472\/revisions"}],"predecessor-version":[{"id":2372,"href":"https:\/\/camping-schaffhausen.ch\/en\/wp-json\/wp\/v2\/pages\/1472\/revisions\/2372"}],"wp:attachment":[{"href":"https:\/\/camping-schaffhausen.ch\/en\/wp-json\/wp\/v2\/media?parent=1472"}],"wp:term":[{"taxonomy":"folder","embeddable":true,"href":"https:\/\/camping-schaffhausen.ch\/en\/wp-json\/wp\/v2\/folder?post=1472"}],"curies":[{"name":"wp","href":"https:\/\/api.w.org\/{rel}","templated":true}]}}