{"id":2701,"date":"2025-08-21T14:41:31","date_gmt":"2025-08-21T12:41:31","guid":{"rendered":"https:\/\/camping-schaffhausen.ch\/?page_id=2701"},"modified":"2025-08-21T14:46:52","modified_gmt":"2025-08-21T12:46:52","slug":"terms-and-conditions-camping","status":"publish","type":"page","link":"https:\/\/camping-schaffhausen.ch\/en\/agb-camping\/","title":{"rendered":"AGB Camping"},"content":{"rendered":"<div data-elementor-type=\"wp-page\" data-elementor-id=\"2701\" class=\"elementor elementor-2701\" data-elementor-post-type=\"page\">\n\t\t\t\t<div class=\"elementor-element elementor-element-7de8298 e-con-full e-flex e-con e-parent\" data-id=\"7de8298\" data-element_type=\"container\" data-e-type=\"container\">\n\t\t<div class=\"elementor-element elementor-element-9200775 e-con-full e-flex e-con e-child\" data-id=\"9200775\" data-element_type=\"container\" data-e-type=\"container\" data-settings=\"{&quot;background_background&quot;:&quot;classic&quot;}\">\n\t\t\t\t<\/div>\n\t\t\t\t<\/div>\n\t\t<div class=\"elementor-element elementor-element-c0100a1 e-flex e-con-boxed e-con e-parent\" data-id=\"c0100a1\" data-element_type=\"container\" data-e-type=\"container\">\n\t\t\t\t\t<div class=\"e-con-inner\">\n\t\t\t\t<div class=\"elementor-element elementor-element-1cf5b2a elementor-widget elementor-widget-heading\" data-id=\"1cf5b2a\" data-element_type=\"widget\" data-e-type=\"widget\" data-widget_type=\"heading.default\">\n\t\t\t\t<div class=\"elementor-widget-container\">\n\t\t\t\t\t<h2 class=\"elementor-heading-title elementor-size-default\">General Terms and Conditions Freizeitanlage Rheinwiese - Camping Schaffhausen<\/h2>\t\t\t\t<\/div>\n\t\t\t\t<\/div>\n\t\t\t\t<div class=\"elementor-element elementor-element-4288277 elementor-widget elementor-widget-text-editor\" data-id=\"4288277\" data-element_type=\"widget\" data-e-type=\"widget\" data-widget_type=\"text-editor.default\">\n\t\t\t\t<div class=\"elementor-widget-container\">\n\t\t\t\t\t\t\t\t\t<p><strong>Terms of contract<\/strong><br \/>These GTCs govern the legal relationship between RheinGenuss GmbH\/Camping Schaffhausen and the visitor\/guest of the campsite. The provisions of the Swiss Code of Obligations remain reserved.<\/p><p><strong>Authorised user<\/strong><br \/>Pitches and tents can only be rented by adults. Young people can only stay overnight alone on the campsite in exceptional cases. To do so, they require the written consent of their parents when registering, together with the place of residence and telephone number of their legal guardian. As a rule, one adult should be present per pitch and tent site. The pitch may only be used by the tenant, the registered accompanying persons and their visitors. Pitch requests will be honoured as far as possible.<\/p><p><strong>Car parks<\/strong><br \/>Campsites pay extra for parking, either at the campsite or in the outdoor car park. The car may drive onto the campsite site for loading and unloading. Cars are not allowed to drive or park on the bathing meadow. Exceptions are only authorised by the site management.<\/p><p><strong>School classes<\/strong><br \/>School classes are welcome outside the high season and over the Ascension and Whitsun weekends.<br \/>welcome. At least one person over the age of 25 must be present.<br \/><br \/><strong>Visitors<\/strong><br \/>These are persons staying on a pitch. They must be registered by the tenant at reception and pay a daily entrance fee.<\/p><p><strong>Night's rest<\/strong><br \/>The night's rest between 22:00 and 07:00 must be observed, violations will be penalised.<br \/>From 22:00 there is a driving ban for cars and campers\/buses. The same applies to lunchtime from 12:00 to 13:15.<\/p><p><strong>Overnight price<\/strong><br \/>This consists of the price for the pitch or tent pitch, electricity and waste, as well as the overnight price per person.<\/p><p><strong>Course rules<\/strong><br \/>This applies to all visitors on the tourist pitches 2-22, with a few exceptions: stern or bow to the Rhine, cross parking is only possible on pitches 23 to 37. In the event of heavy and prolonged rain, bikes should be parked on the chippings (paved surface).<\/p><p><strong>Absence<\/strong><br \/>In the event of overnight absence, this must be reported to reception in advance, otherwise there is no entitlement to a price reduction.<\/p><p><strong>Bicycles<\/strong><br \/>You must get off your bike at the Badi\/reception entrance. Bicycles are not permitted on the restaurant terrace. Tent tourists can take their bikes onto the campsite. Bathing visitors must park their bicycles outside the area.<\/p><p><strong>Terms of payment<\/strong><br \/>You guarantee your booking by providing your credit card details. You can pay on site with this or other means of payment. We accept Swiss francs, euros, Postcard, Maestro, Visa, Mastercard and Twint. We do not accept Amexco.<\/p><p><strong>Depot<\/strong><br \/>A deposit of CHF or Euro 10 for the magnetic reader card (badge) must be paid on arrival.<\/p><p><strong>Car park<\/strong><br \/>The car park in front of the main building is reserved exclusively for visitors to the Rheinwiese leisure centre. The parking fees are to be paid by the visitors, the registration of the vehicle licence plate is carried out by the guests. RheinGenuss GmbH \/ Camping Schaffhausen accepts no liability for incorrect parking and incorrect registration. <br \/>The car park is subject to charges from 1 May until the end of the bathing season. The boards are covered with plastic when the charges are cancelled.<\/p><p><strong>Cancellation conditions<\/strong><br \/>If you cancel your reservation, you undertake to reimburse the following costs:<\/p><p>Up to 14 days before arrival: free cancellation<br \/>Up to 7 days before arrival: 50 % of the total price<br \/>Up to 2 days before arrival: 80 % of the total price<br \/>1 day before arrival or day of arrival: 100 % of the total price<br \/>No show, late arrival, early departure: 100 % of the total price<\/p><p>An extension of the stay on the same plot is only possible if available. <br \/>Guests who check out on the same day can park in the outdoor car park and visit the leisure centre all day without paying an additional daily entrance fee. However, the car park fees must be paid.<\/p><p><strong>Arrival and departure<\/strong><br \/>Low season is from 1 April to 30 June\/ and from 1 September to the end of October <br \/>Check-In from 13.00-18.30, Check-Out from 07.00-11.00<\/p><p>High season: Easter, Ascension, Whitsun, 1 July to 31 August <br \/>Check-In from 13.00 to 21:30.00, Check-Out from 07.00 - 11.00<\/p><p><strong>Miscellaneous<\/strong><br \/>Dogs \/ pets are not permitted on the entire campsite and bathing meadow area. <br \/>The only exceptions are guide or assistance dogs. Dogs are welcome on the restaurant terrace and in the restaurant, but must always be kept on a lead.<\/p><p>For dog owners we offer the possibility to book overnight stays in the outdoor car park.<\/p><p>Langwiesen, 21 May 2024 \/ RE<\/p>\t\t\t\t\t\t\t\t<\/div>\n\t\t\t\t<\/div>\n\t\t\t\t\t<\/div>\n\t\t\t\t<\/div>\n\t\t\t\t<\/div>","protected":false},"excerpt":{"rendered":"<p>Allgemeine Gesch\u00e4ftsbedingungen Freizeitanlage Rheinwiese \u2013 Camping Schaffhausen VertragsbedingungenDiese AGB\u2019s regeln die Rechtsbeziehung zwischen der RheinGenuss GmbH\/ Camping Schaffhausen und dem Besucher\/ Gast des Campings. Die Bestimmungen des Schweizerischen Obligationenrechts bleiben vorbehalten. NutzungsberechtigteStell- und Zeltpl\u00e4tze k\u00f6nnen nur von Erwachsenen gemietet werden. Jugendliche k\u00f6nnen nur in Ausnahmef\u00e4llen alleine auf dem Zeltplatz \u00fcbernachten. Daf\u00fcr ben\u00f6tigen sie bei der [&hellip;]<\/p>\n","protected":false},"author":1,"featured_media":0,"parent":0,"menu_order":0,"comment_status":"closed","ping_status":"closed","template":"","meta":{"footnotes":""},"folder":[23],"class_list":["post-2701","page","type-page","status-publish","hentry"],"_links":{"self":[{"href":"https:\/\/camping-schaffhausen.ch\/en\/wp-json\/wp\/v2\/pages\/2701","targetHints":{"allow":["GET"]}}],"collection":[{"href":"https:\/\/camping-schaffhausen.ch\/en\/wp-json\/wp\/v2\/pages"}],"about":[{"href":"https:\/\/camping-schaffhausen.ch\/en\/wp-json\/wp\/v2\/types\/page"}],"author":[{"embeddable":true,"href":"https:\/\/camping-schaffhausen.ch\/en\/wp-json\/wp\/v2\/users\/1"}],"replies":[{"embeddable":true,"href":"https:\/\/camping-schaffhausen.ch\/en\/wp-json\/wp\/v2\/comments?post=2701"}],"version-history":[{"count":5,"href":"https:\/\/camping-schaffhausen.ch\/en\/wp-json\/wp\/v2\/pages\/2701\/revisions"}],"predecessor-version":[{"id":2706,"href":"https:\/\/camping-schaffhausen.ch\/en\/wp-json\/wp\/v2\/pages\/2701\/revisions\/2706"}],"wp:attachment":[{"href":"https:\/\/camping-schaffhausen.ch\/en\/wp-json\/wp\/v2\/media?parent=2701"}],"wp:term":[{"taxonomy":"folder","embeddable":true,"href":"https:\/\/camping-schaffhausen.ch\/en\/wp-json\/wp\/v2\/folder?post=2701"}],"curies":[{"name":"wp","href":"https:\/\/api.w.org\/{rel}","templated":true}]}}