{"id":1472,"date":"2025-07-10T13:10:50","date_gmt":"2025-07-10T11:10:50","guid":{"rendered":"https:\/\/paleturquoise-grouse-490822.hostingersite.com\/?page_id=1472"},"modified":"2025-08-04T17:41:36","modified_gmt":"2025-08-04T15:41:36","slug":"imprimir","status":"publish","type":"page","link":"https:\/\/camping-schaffhausen.ch\/es\/impressum\/","title":{"rendered":"Pie de imprenta"},"content":{"rendered":"<div data-elementor-type=\"wp-page\" data-elementor-id=\"1472\" class=\"elementor elementor-1472\" data-elementor-post-type=\"page\">\n\t\t\t\t<div class=\"elementor-element elementor-element-7de8298 e-con-full e-flex e-con e-parent\" data-id=\"7de8298\" data-element_type=\"container\" data-e-type=\"container\">\n\t\t<div class=\"elementor-element elementor-element-9200775 e-con-full e-flex e-con e-child\" data-id=\"9200775\" data-element_type=\"container\" data-e-type=\"container\" data-settings=\"{&quot;background_background&quot;:&quot;classic&quot;}\">\n\t\t\t\t<\/div>\n\t\t\t\t<\/div>\n\t\t<div class=\"elementor-element elementor-element-c0100a1 e-flex e-con-boxed e-con e-parent\" data-id=\"c0100a1\" data-element_type=\"container\" data-e-type=\"container\">\n\t\t\t\t\t<div class=\"e-con-inner\">\n\t\t\t\t<div class=\"elementor-element elementor-element-1cf5b2a elementor-widget elementor-widget-heading\" data-id=\"1cf5b2a\" data-element_type=\"widget\" data-e-type=\"widget\" data-widget_type=\"heading.default\">\n\t\t\t\t<div class=\"elementor-widget-container\">\n\t\t\t\t\t<h2 class=\"elementor-heading-title elementor-size-default\">Pie de imprenta<\/h2>\t\t\t\t<\/div>\n\t\t\t\t<\/div>\n\t\t\t\t<div class=\"elementor-element elementor-element-4288277 elementor-widget elementor-widget-text-editor\" data-id=\"4288277\" data-element_type=\"widget\" data-e-type=\"widget\" data-widget_type=\"text-editor.default\">\n\t\t\t\t<div class=\"elementor-widget-container\">\n\t\t\t\t\t\t\t\t\t<p><strong>Arrendador:<\/strong><\/p><p>Administraci\u00f3n municipal de Feuerthalen<br \/>Centro de ocio Rheinwiese<br \/>Tr\u00fcllerg\u00e4ssli 6<br \/>8245 Feuerthalen<br \/>Suiza<\/p><p>Tel. +41 (0)52 647 47 47<br \/>Fax +41 (0)52 647 47 48<br \/>Correo electr\u00f3nico: kanzlei@feuerthalen.ch<br \/>Internet: www.feuerthalen.ch<\/p><p>Lea atentamente las siguientes condiciones antes de continuar. Las personas que se conecten a la p\u00e1gina web de Freizeitanlage Rheinwiese und Camping Schaffhausen aceptan las siguientes condiciones.<\/p><p>\u00a0<\/p><p><strong>Derechos de autor y de marca<\/strong><\/p><p>Todo el contenido del sitio web de Freizeitanlage Rheinwiese y Camping Schaffhausen est\u00e1 protegido por derechos de autor. Todos los derechos pertenecen a RheinGenuss GmbH.<\/p><p>\u00a0<\/p><p><strong>Sin garant\u00eda<\/strong><\/p><p>A pesar de que el municipio de Feuerthalen ha tomado todas las precauciones posibles para garantizar la fiabilidad de la informaci\u00f3n contenida en el sitio web www.camping-schaffhausen.ch en el momento de su publicaci\u00f3n, el municipio de Feuerthalen no puede dar ninguna seguridad o garant\u00eda (incluyendo a terceros) con respecto a la exactitud, fiabilidad o integridad de la informaci\u00f3n en www.camping-schaffhausen.ch. El municipio de Feuerthalen no asume ninguna responsabilidad ni ofrece ninguna garant\u00eda en el sentido de que las funciones contenidas en el sitio web www.camping-schaffhausen.ch no se interrumpan o de que el sitio web www.camping-schaffhausen.ch o el servidor correspondiente est\u00e9n o est\u00e9n libres de virus u otros contenidos nocivos.<\/p><p>\u00a0<\/p><p><strong>Enlaces a otros sitios web<\/strong><\/p><p>El sitio web www.camping-schaffhausen.ch contiene enlaces a sitios web de terceros que pueden ser de su inter\u00e9s. Al activar estos enlaces es posible que abandone el sitio web www.camping-schaffhausen.ch o que se muestren res\u00famenes de sitios web de terceros en el contexto del sitio web www.camping-schaffhausen.ch. El municipio de Feuerthalen no ha realizado ning\u00fan tipo de comprobaci\u00f3n de los sitios web de terceros accesibles a trav\u00e9s de enlaces en el sitio web camping-schaffhausen.ch y no es responsable en modo alguno de su contenido ni de su funcionamiento efectivo. Esto es v\u00e1lido tanto si al activar el enlace se abandona el sitio web camping-schaffhausen.ch como si la visualizaci\u00f3n aparece en el contexto del sitio web camping-schaffhausen.ch, as\u00ed como si en este \u00faltimo caso el proveedor de informaci\u00f3n de un sitio web externo no es inmediatamente evidente. El establecimiento de este enlace o la consulta de sitios web ajenos corre por cuenta y riesgo del usuario.<\/p><p>\u00a0<\/p><p><strong>Protecci\u00f3n de datos<\/strong><\/p><p>El municipio de Feuerthalen concede gran importancia a la protecci\u00f3n de datos. Queremos se\u00f1alar que su visita a nuestro sitio web y su registro\/reserva\/mensaje nos proporcionan autom\u00e1ticamente informaci\u00f3n que nos permite averiguar c\u00f3mo utilizan los visitantes nuestro sitio web y qu\u00e9 informaci\u00f3n y ofertas son de especial inter\u00e9s. Si se registra personalmente o realiza reservas a trav\u00e9s de nuestro sitio web o solicita material informativo u otros servicios, necesitamos que nos facilite datos personales, como su nombre y direcci\u00f3n. Trataremos sus datos personales de forma confidencial.<\/p><p>\u00a0<\/p><p><strong>Transmisi\u00f3n de correo electr\u00f3nico<\/strong><\/p><p>El municipio de Feuerthalen env\u00eda informaci\u00f3n con m\u00e1s datos, por ejemplo sobre sitios web actualizados u ofertas especiales, por correo electr\u00f3nico. Si se registra en este servicio, le advertimos de que la transmisi\u00f3n de correos electr\u00f3nicos no suele estar cifrada y conlleva el riesgo de que dichos datos puedan ser interceptados y vistos por terceros.<\/p><p>\u00a0<\/p><p><strong>Descargo de responsabilidad<\/strong><\/p><p>A pesar de un cuidadoso control del contenido, no asumimos ninguna responsabilidad por el contenido de los enlaces externos. Los operadores de las p\u00e1ginas enlazadas son los \u00fanicos responsables de su contenido.<\/p>\t\t\t\t\t\t\t\t<\/div>\n\t\t\t\t<\/div>\n\t\t\t\t\t<\/div>\n\t\t\t\t<\/div>\n\t\t\t\t<\/div>","protected":false},"excerpt":{"rendered":"<p>Impressum Verp\u00e4chterin: Gemeindeverwaltung FeuerthalenFreizeitanlage RheinwieseTr\u00fcllerg\u00e4ssli 68245 FeuerthalenSchweiz Tel. +41 (0)52 647 47 47Fax +41 (0)52 647 47 48E-Mail: kanzlei@feuerthalen.chInternet: www.feuerthalen.ch Bitte lesen Sie die nachfolgenden Bedingungen aufmerksam durch, bevor Sie fortfahren. Personen, welche die Website Freizeitanlage Rheinwiese und Camping Schaffhausen abrufen, erkl\u00e4ren sich mit den nachstehenden Bedingungen einverstanden. \u00a0 Copyright und Markenrechte Der gesamte Inhalt [&hellip;]<\/p>\n","protected":false},"author":1,"featured_media":0,"parent":0,"menu_order":0,"comment_status":"closed","ping_status":"closed","template":"","meta":{"footnotes":""},"folder":[23],"class_list":["post-1472","page","type-page","status-publish","hentry"],"_links":{"self":[{"href":"https:\/\/camping-schaffhausen.ch\/es\/wp-json\/wp\/v2\/pages\/1472","targetHints":{"allow":["GET"]}}],"collection":[{"href":"https:\/\/camping-schaffhausen.ch\/es\/wp-json\/wp\/v2\/pages"}],"about":[{"href":"https:\/\/camping-schaffhausen.ch\/es\/wp-json\/wp\/v2\/types\/page"}],"author":[{"embeddable":true,"href":"https:\/\/camping-schaffhausen.ch\/es\/wp-json\/wp\/v2\/users\/1"}],"replies":[{"embeddable":true,"href":"https:\/\/camping-schaffhausen.ch\/es\/wp-json\/wp\/v2\/comments?post=1472"}],"version-history":[{"count":11,"href":"https:\/\/camping-schaffhausen.ch\/es\/wp-json\/wp\/v2\/pages\/1472\/revisions"}],"predecessor-version":[{"id":2372,"href":"https:\/\/camping-schaffhausen.ch\/es\/wp-json\/wp\/v2\/pages\/1472\/revisions\/2372"}],"wp:attachment":[{"href":"https:\/\/camping-schaffhausen.ch\/es\/wp-json\/wp\/v2\/media?parent=1472"}],"wp:term":[{"taxonomy":"folder","embeddable":true,"href":"https:\/\/camping-schaffhausen.ch\/es\/wp-json\/wp\/v2\/folder?post=1472"}],"curies":[{"name":"wp","href":"https:\/\/api.w.org\/{rel}","templated":true}]}}