{"id":2701,"date":"2025-08-21T14:41:31","date_gmt":"2025-08-21T12:41:31","guid":{"rendered":"https:\/\/camping-schaffhausen.ch\/?page_id=2701"},"modified":"2025-08-21T14:46:52","modified_gmt":"2025-08-21T12:46:52","slug":"condiciones-generales-camping","status":"publish","type":"page","link":"https:\/\/camping-schaffhausen.ch\/es\/agb-camping\/","title":{"rendered":"Camping AGB"},"content":{"rendered":"<div data-elementor-type=\"wp-page\" data-elementor-id=\"2701\" class=\"elementor elementor-2701\" data-elementor-post-type=\"page\">\n\t\t\t\t<div class=\"elementor-element elementor-element-7de8298 e-con-full e-flex e-con e-parent\" data-id=\"7de8298\" data-element_type=\"container\" data-e-type=\"container\">\n\t\t<div class=\"elementor-element elementor-element-9200775 e-con-full e-flex e-con e-child\" data-id=\"9200775\" data-element_type=\"container\" data-e-type=\"container\" data-settings=\"{&quot;background_background&quot;:&quot;classic&quot;}\">\n\t\t\t\t<\/div>\n\t\t\t\t<\/div>\n\t\t<div class=\"elementor-element elementor-element-c0100a1 e-flex e-con-boxed e-con e-parent\" data-id=\"c0100a1\" data-element_type=\"container\" data-e-type=\"container\">\n\t\t\t\t\t<div class=\"e-con-inner\">\n\t\t\t\t<div class=\"elementor-element elementor-element-1cf5b2a elementor-widget elementor-widget-heading\" data-id=\"1cf5b2a\" data-element_type=\"widget\" data-e-type=\"widget\" data-widget_type=\"heading.default\">\n\t\t\t\t<div class=\"elementor-widget-container\">\n\t\t\t\t\t<h2 class=\"elementor-heading-title elementor-size-default\">Condiciones generales de contrataci\u00f3n Freizeitanlage Rheinwiese - Camping Schaffhausen<\/h2>\t\t\t\t<\/div>\n\t\t\t\t<\/div>\n\t\t\t\t<div class=\"elementor-element elementor-element-4288277 elementor-widget elementor-widget-text-editor\" data-id=\"4288277\" data-element_type=\"widget\" data-e-type=\"widget\" data-widget_type=\"text-editor.default\">\n\t\t\t\t<div class=\"elementor-widget-container\">\n\t\t\t\t\t\t\t\t\t<p><strong>Condiciones del contrato<\/strong><br \/>Las presentes CGC regulan la relaci\u00f3n jur\u00eddica entre RheinGenuss GmbH\/Camping Schaffhausen y el visitante\/hu\u00e9sped del camping. Quedan reservadas las disposiciones del C\u00f3digo de Obligaciones suizo.<\/p><p><strong>Usuario autorizado<\/strong><br \/>Las parcelas y tiendas s\u00f3lo pueden ser alquiladas por adultos. Los j\u00f3venes s\u00f3lo pueden pernoctar solos en el camping en casos excepcionales. Para ello, necesitan el consentimiento por escrito de sus padres al inscribirse, junto con el lugar de residencia y el n\u00famero de tel\u00e9fono de su tutor legal. Por regla general, debe haber un adulto por parcela y tienda. La parcela s\u00f3lo podr\u00e1 ser utilizada por el arrendatario, los acompa\u00f1antes inscritos y sus visitantes. Las solicitudes de parcela se atender\u00e1n en la medida de lo posible.<\/p><p><strong>Aparcamientos<\/strong><br \/>Los campings pagan un suplemento por aparcar, ya sea en el camping o en el aparcamiento exterior. El coche puede entrar en el camping para cargar y descargar. Los coches no pueden circular ni aparcar en la pradera de ba\u00f1o. Las excepciones s\u00f3lo las autoriza la direcci\u00f3n del camping.<\/p><p><strong>Clases escolares<\/strong><br \/>Las clases escolares son bienvenidas fuera de la temporada alta y durante los fines de semana de Ascensi\u00f3n y Pentecost\u00e9s.<br \/>Bienvenida. Debe estar presente al menos una persona mayor de 25 a\u00f1os.<br \/><br \/><strong>Visitantes<\/strong><br \/>Son las personas que se alojan en una parcela. Deben ser registradas por el inquilino en recepci\u00f3n y pagar una entrada diaria.<\/p><p><strong>Descanso nocturno<\/strong><br \/>Debe respetarse el descanso nocturno entre las 22:00 y las 07:00, las infracciones ser\u00e1n penalizadas.<br \/>A partir de las 22:00 horas, se proh\u00edbe la circulaci\u00f3n de coches y caravanas\/autobuses. Lo mismo se aplica a la hora de comer, de 12:00 a 13:15.<\/p><p><strong>Precio por noche<\/strong><br \/>Consiste en el precio de la parcela o tienda de campa\u00f1a, la electricidad y los residuos, as\u00ed como el precio de la pernoctaci\u00f3n por persona.<\/p><p><strong>Normas del curso<\/strong><br \/>Esto se aplica a todos los visitantes en las parcelas tur\u00edsticas 2-22, con algunas excepciones: popa o proa al Rin, el estacionamiento transversal s\u00f3lo es posible en las parcelas 23 a 37. En caso de lluvia fuerte y prolongada, las bicicletas deben aparcarse en la gravilla (superficie pavimentada).<\/p><p><strong>Ausencia<\/strong><br \/>En caso de ausencia durante la noche, deber\u00e1 notificarse a recepci\u00f3n con antelaci\u00f3n, de lo contrario no se tendr\u00e1 derecho a una reducci\u00f3n del precio.<\/p><p><strong>Bicicletas<\/strong><br \/>Debe bajarse de la bicicleta en la entrada del Badi\/recepci\u00f3n. Las bicicletas no est\u00e1n permitidas en la terraza del restaurante. Los turistas de tienda pueden llevar sus bicicletas al camping. Los ba\u00f1istas deben aparcar sus bicicletas fuera de la zona.<\/p><p><strong>Condiciones de pago<\/strong><br \/>Usted garantiza su reserva facilitando los datos de su tarjeta de cr\u00e9dito. Puede pagar in situ con este u otros medios de pago. Aceptamos francos suizos, euros, Postcard, Maestro, Visa, Mastercard y Twint. No aceptamos Amexco.<\/p><p><strong>Dep\u00f3sito<\/strong><br \/>A la llegada deber\u00e1 abonarse un dep\u00f3sito de 10 CHF o 10 euros para la tarjeta de lector magn\u00e9tico (tarjeta de identificaci\u00f3n).<\/p><p><strong>Aparcamiento<\/strong><br \/>El aparcamiento situado frente al edificio principal est\u00e1 reservado exclusivamente a los visitantes del centro de ocio Rheinwiese. Las tasas de aparcamiento corren a cargo de los visitantes, el registro de la matr\u00edcula del veh\u00edculo corre a cargo de los hu\u00e9spedes. RheinGenuss GmbH \/ Camping Schaffhausen declina toda responsabilidad en caso de estacionamiento o matriculaci\u00f3n incorrectos. <br \/>El aparcamiento es de pago desde el 1 de mayo hasta el final de la temporada de ba\u00f1o. Las placas se cubren con pl\u00e1stico cuando se anulan las tasas.<\/p><p><strong>Condiciones de anulaci\u00f3n<\/strong><br \/>Si cancela su reserva, se compromete a reembolsar los siguientes gastos:<\/p><p>Hasta 14 d\u00edas antes de la llegada: cancelaci\u00f3n gratuita<br \/>Hasta 7 d\u00edas antes de la llegada: 50 % del precio total<br \/>Hasta 2 d\u00edas antes de la llegada: 80 % del precio total<br \/>1 d\u00eda antes de la llegada o el d\u00eda de la llegada: 100 % del precio total<br \/>No show, llegada tard\u00eda, salida anticipada: 100 % del precio total.<\/p><p>Una prolongaci\u00f3n de la estancia en la misma parcela s\u00f3lo es posible si est\u00e1 disponible. <br \/>Los hu\u00e9spedes que hagan el check-out el mismo d\u00eda pueden aparcar en el aparcamiento exterior y visitar el centro de ocio durante todo el d\u00eda sin pagar una entrada diaria adicional. No obstante, deber\u00e1n abonar las tasas de aparcamiento.<\/p><p><strong>Llegada y salida<\/strong><br \/>La temporada baja va del 1 de abril al 30 de junio y del 1 de septiembre a finales de octubre. <br \/>Entrada de 13.00-18.30, Salida de 07.00-11.00<\/p><p>Temporada alta: Semana Santa, Ascensi\u00f3n, Pentecost\u00e9s, del 1 de julio al 31 de agosto <br \/>Entrada de 13.00 a 21:30.00, Salida de 07.00 a 11.00<\/p><p><strong>Varios<\/strong><br \/>No se admiten perros\/mascotas en todo el camping ni en la zona de la pradera de ba\u00f1o. <br \/>Las \u00fanicas excepciones son los perros gu\u00eda o de asistencia. Los perros son bienvenidos en la terraza del restaurante y en el restaurante, pero siempre deben ir atados.<\/p><p>Para los due\u00f1os de perros ofrecemos la posibilidad de reservar pernoctaciones en el aparcamiento exterior.<\/p><p>Langwiesen, 21 de mayo de 2024 \/ RE<\/p>\t\t\t\t\t\t\t\t<\/div>\n\t\t\t\t<\/div>\n\t\t\t\t\t<\/div>\n\t\t\t\t<\/div>\n\t\t\t\t<\/div>","protected":false},"excerpt":{"rendered":"<p>Allgemeine Gesch\u00e4ftsbedingungen Freizeitanlage Rheinwiese \u2013 Camping Schaffhausen VertragsbedingungenDiese AGB\u2019s regeln die Rechtsbeziehung zwischen der RheinGenuss GmbH\/ Camping Schaffhausen und dem Besucher\/ Gast des Campings. Die Bestimmungen des Schweizerischen Obligationenrechts bleiben vorbehalten. NutzungsberechtigteStell- und Zeltpl\u00e4tze k\u00f6nnen nur von Erwachsenen gemietet werden. Jugendliche k\u00f6nnen nur in Ausnahmef\u00e4llen alleine auf dem Zeltplatz \u00fcbernachten. Daf\u00fcr ben\u00f6tigen sie bei der [&hellip;]<\/p>\n","protected":false},"author":1,"featured_media":0,"parent":0,"menu_order":0,"comment_status":"closed","ping_status":"closed","template":"","meta":{"footnotes":""},"folder":[23],"class_list":["post-2701","page","type-page","status-publish","hentry"],"_links":{"self":[{"href":"https:\/\/camping-schaffhausen.ch\/es\/wp-json\/wp\/v2\/pages\/2701","targetHints":{"allow":["GET"]}}],"collection":[{"href":"https:\/\/camping-schaffhausen.ch\/es\/wp-json\/wp\/v2\/pages"}],"about":[{"href":"https:\/\/camping-schaffhausen.ch\/es\/wp-json\/wp\/v2\/types\/page"}],"author":[{"embeddable":true,"href":"https:\/\/camping-schaffhausen.ch\/es\/wp-json\/wp\/v2\/users\/1"}],"replies":[{"embeddable":true,"href":"https:\/\/camping-schaffhausen.ch\/es\/wp-json\/wp\/v2\/comments?post=2701"}],"version-history":[{"count":5,"href":"https:\/\/camping-schaffhausen.ch\/es\/wp-json\/wp\/v2\/pages\/2701\/revisions"}],"predecessor-version":[{"id":2706,"href":"https:\/\/camping-schaffhausen.ch\/es\/wp-json\/wp\/v2\/pages\/2701\/revisions\/2706"}],"wp:attachment":[{"href":"https:\/\/camping-schaffhausen.ch\/es\/wp-json\/wp\/v2\/media?parent=2701"}],"wp:term":[{"taxonomy":"folder","embeddable":true,"href":"https:\/\/camping-schaffhausen.ch\/es\/wp-json\/wp\/v2\/folder?post=2701"}],"curies":[{"name":"wp","href":"https:\/\/api.w.org\/{rel}","templated":true}]}}