{"id":2720,"date":"2025-08-21T15:39:15","date_gmt":"2025-08-21T13:39:15","guid":{"rendered":"https:\/\/camping-schaffhausen.ch\/?page_id=2720"},"modified":"2025-08-21T15:45:56","modified_gmt":"2025-08-21T13:45:56","slug":"normas-de-bano","status":"publish","type":"page","link":"https:\/\/camping-schaffhausen.ch\/es\/badeordnung\/","title":{"rendered":"Normas de ba\u00f1o"},"content":{"rendered":"<div data-elementor-type=\"wp-page\" data-elementor-id=\"2720\" class=\"elementor elementor-2720\" data-elementor-post-type=\"page\">\n\t\t\t\t<div class=\"elementor-element elementor-element-7de8298 e-con-full e-flex e-con e-parent\" data-id=\"7de8298\" data-element_type=\"container\" data-e-type=\"container\">\n\t\t<div class=\"elementor-element elementor-element-9200775 e-con-full e-flex e-con e-child\" data-id=\"9200775\" data-element_type=\"container\" data-e-type=\"container\" data-settings=\"{&quot;background_background&quot;:&quot;classic&quot;}\">\n\t\t\t\t<\/div>\n\t\t\t\t<\/div>\n\t\t<div class=\"elementor-element elementor-element-c0100a1 e-flex e-con-boxed e-con e-parent\" data-id=\"c0100a1\" data-element_type=\"container\" data-e-type=\"container\">\n\t\t\t\t\t<div class=\"e-con-inner\">\n\t\t\t\t<div class=\"elementor-element elementor-element-1cf5b2a elementor-widget elementor-widget-heading\" data-id=\"1cf5b2a\" data-element_type=\"widget\" data-e-type=\"widget\" data-widget_type=\"heading.default\">\n\t\t\t\t<div class=\"elementor-widget-container\">\n\t\t\t\t\t<h2 class=\"elementor-heading-title elementor-size-default\">Normas de ba\u00f1o<\/h2>\t\t\t\t<\/div>\n\t\t\t\t<\/div>\n\t\t\t\t<div class=\"elementor-element elementor-element-886320b elementor-widget elementor-widget-text-editor\" data-id=\"886320b\" data-element_type=\"widget\" data-e-type=\"widget\" data-widget_type=\"text-editor.default\">\n\t\t\t\t<div class=\"elementor-widget-container\">\n\t\t\t\t\t\t\t\t\t<p>El acceso al centro de ocio y al Camping Rheinwiese es bajo su propia responsabilidad. \u00a1Se rechaza cualquier responsabilidad!<\/p>\t\t\t\t\t\t\t\t<\/div>\n\t\t\t\t<\/div>\n\t\t\t\t<div class=\"elementor-element elementor-element-4288277 elementor-widget elementor-widget-text-editor\" data-id=\"4288277\" data-element_type=\"widget\" data-e-type=\"widget\" data-widget_type=\"text-editor.default\">\n\t\t\t\t<div class=\"elementor-widget-container\">\n\t\t\t\t\t\t\t\t\t<p>1. horario de apertura: todos los d\u00edas de 09.00 a 20.00 (en verano hasta las 22.00)<br \/><br \/>2. la entrada al lido debe hacerse exclusivamente por la entrada principal de la taquilla.<\/p><p>3 No se admiten perros en la zona de ba\u00f1o y camping. Se admiten perros con correa en el restaurante o en la terraza.<\/p><p>4. los empleados del centro de ocio son responsables de la paz y el orden en todo el recinto. Deben seguirse sus instrucciones. <br \/><br \/>Tenga especialmente en cuenta:<\/p><ul><li>No deje nunca desatendidos a ni\u00f1os y beb\u00e9s.<\/li><li>El ba\u00f1o en el Rin y en las piscinas infantiles corre por su cuenta y riesgo. Se declina toda responsabilidad.<\/li><li>Los cristales rotos son peligrosos para todos los visitantes. Por favor, informe inmediatamente a un miembro del personal.<\/li><li>Los fumadores pueden tomar prestados ceniceros para la zona de ba\u00f1o.<\/li><li>Por favor, deposite los residuos en las estaciones correspondientes.<\/li><li>Respeto y tolerancia al escuchar m\u00fasica. En general, los altavoces est\u00e1n prohibidos en todo el recinto.<\/li><li>Los ni\u00f1os y beb\u00e9s s\u00f3lo podr\u00e1n jugar en la piscina infantil con ba\u00f1ador o pa\u00f1al.<\/li><\/ul><p>\u00a0<\/p><p>Al comprar una entrada o un abono de temporada, acepta estas normas de ba\u00f1o.<\/p><p>\u00a0<\/p><p><br \/>Langwiesen en mayo de 2020<\/p>\t\t\t\t\t\t\t\t<\/div>\n\t\t\t\t<\/div>\n\t\t\t\t\t<\/div>\n\t\t\t\t<\/div>\n\t\t\t\t<\/div>","protected":false},"excerpt":{"rendered":"<p>Badeordnung Das Betreten der Freizeitanlage und Camping Rheinwiese erfolgt auf eigenes Risiko. Jede Haftung wird abgelehnt! 1. \u00d6ffnungszeiten: t\u00e4glich 09.00 bis 20.00 Uhr (Sommersaison bis 22:00) 2. Der Eintritt zum Strandbad hat ausschliesslich durch den Haupteingang bei der Kasse zu erfolgen. 3. Das Mitbringen von Hunden auf das Bade- und Campingareal ist nicht gestattet. Hunde [&hellip;]<\/p>\n","protected":false},"author":1,"featured_media":0,"parent":0,"menu_order":0,"comment_status":"closed","ping_status":"closed","template":"","meta":{"footnotes":""},"folder":[23],"class_list":["post-2720","page","type-page","status-publish","hentry"],"_links":{"self":[{"href":"https:\/\/camping-schaffhausen.ch\/es\/wp-json\/wp\/v2\/pages\/2720","targetHints":{"allow":["GET"]}}],"collection":[{"href":"https:\/\/camping-schaffhausen.ch\/es\/wp-json\/wp\/v2\/pages"}],"about":[{"href":"https:\/\/camping-schaffhausen.ch\/es\/wp-json\/wp\/v2\/types\/page"}],"author":[{"embeddable":true,"href":"https:\/\/camping-schaffhausen.ch\/es\/wp-json\/wp\/v2\/users\/1"}],"replies":[{"embeddable":true,"href":"https:\/\/camping-schaffhausen.ch\/es\/wp-json\/wp\/v2\/comments?post=2720"}],"version-history":[{"count":5,"href":"https:\/\/camping-schaffhausen.ch\/es\/wp-json\/wp\/v2\/pages\/2720\/revisions"}],"predecessor-version":[{"id":2725,"href":"https:\/\/camping-schaffhausen.ch\/es\/wp-json\/wp\/v2\/pages\/2720\/revisions\/2725"}],"wp:attachment":[{"href":"https:\/\/camping-schaffhausen.ch\/es\/wp-json\/wp\/v2\/media?parent=2720"}],"wp:term":[{"taxonomy":"folder","embeddable":true,"href":"https:\/\/camping-schaffhausen.ch\/es\/wp-json\/wp\/v2\/folder?post=2720"}],"curies":[{"name":"wp","href":"https:\/\/api.w.org\/{rel}","templated":true}]}}