{"id":1472,"date":"2025-07-10T13:10:50","date_gmt":"2025-07-10T11:10:50","guid":{"rendered":"https:\/\/paleturquoise-grouse-490822.hostingersite.com\/?page_id=1472"},"modified":"2025-08-04T17:41:36","modified_gmt":"2025-08-04T15:41:36","slug":"mentions-legales","status":"publish","type":"page","link":"https:\/\/camping-schaffhausen.ch\/fr\/impressum\/","title":{"rendered":"Mentions l\u00e9gales"},"content":{"rendered":"<div data-elementor-type=\"wp-page\" data-elementor-id=\"1472\" class=\"elementor elementor-1472\" data-elementor-post-type=\"page\">\n\t\t\t\t<div class=\"elementor-element elementor-element-7de8298 e-con-full e-flex e-con e-parent\" data-id=\"7de8298\" data-element_type=\"container\" data-e-type=\"container\">\n\t\t<div class=\"elementor-element elementor-element-9200775 e-con-full e-flex e-con e-child\" data-id=\"9200775\" data-element_type=\"container\" data-e-type=\"container\" data-settings=\"{&quot;background_background&quot;:&quot;classic&quot;}\">\n\t\t\t\t<\/div>\n\t\t\t\t<\/div>\n\t\t<div class=\"elementor-element elementor-element-c0100a1 e-flex e-con-boxed e-con e-parent\" data-id=\"c0100a1\" data-element_type=\"container\" data-e-type=\"container\">\n\t\t\t\t\t<div class=\"e-con-inner\">\n\t\t\t\t<div class=\"elementor-element elementor-element-1cf5b2a elementor-widget elementor-widget-heading\" data-id=\"1cf5b2a\" data-element_type=\"widget\" data-e-type=\"widget\" data-widget_type=\"heading.default\">\n\t\t\t\t<div class=\"elementor-widget-container\">\n\t\t\t\t\t<h2 class=\"elementor-heading-title elementor-size-default\">Mentions l\u00e9gales<\/h2>\t\t\t\t<\/div>\n\t\t\t\t<\/div>\n\t\t\t\t<div class=\"elementor-element elementor-element-4288277 elementor-widget elementor-widget-text-editor\" data-id=\"4288277\" data-element_type=\"widget\" data-e-type=\"widget\" data-widget_type=\"text-editor.default\">\n\t\t\t\t<div class=\"elementor-widget-container\">\n\t\t\t\t\t\t\t\t\t<p><strong>Propri\u00e9taire :<\/strong><\/p><p>Administration communale de Feuerthalen<br \/>Centre de loisirs Rheinwiese<br \/>6, rue Tr\u00fcllerg\u00e4ssli<br \/>8245 Feuerthalen<br \/>Suisse<\/p><p>41 (0)52 647 47 47<br \/>Fax +41 (0)52 647 47 48<br \/>Courrier \u00e9lectronique : kanzlei@feuerthalen.ch<br \/>Internet : www.feuerthalen.ch<\/p><p>Veuillez lire attentivement les conditions suivantes avant de poursuivre. Les personnes qui consultent le site Internet Freizeitanlage Rheinwiese et Camping Schaffhausen d\u00e9clarent accepter les conditions ci-apr\u00e8s.<\/p><p>\u00a0<\/p><p><strong>Copyright et droits de marque<\/strong><\/p><p>L'ensemble du contenu du site Internet Freizeitanlage Rheinwiese et Camping Schaffhausen est prot\u00e9g\u00e9 par des droits d'auteur. Tous les droits appartiennent \u00e0 RheinGenuss GmbH.<\/p><p>\u00a0<\/p><p><strong>Pas de garantie<\/strong><\/p><p>Bien que la commune de Feuerthalen ait pris toutes les mesures pour s'assurer de la fiabilit\u00e9 des informations contenues dans le site www.camping-schaffhausen.ch au moment de leur publication, la commune de Feuerthalen ne peut donner aucune assurance ni garantie (y compris vis-\u00e0-vis de tiers) quant \u00e0 l'exactitude, la fiabilit\u00e9 ou l'exhaustivit\u00e9 des informations contenues dans le site www.camping-schaffhausen.ch. La commune de Feuerthalen n'assume aucune responsabilit\u00e9 et ne donne aucune garantie quant \u00e0 l'absence d'interruption des fonctions sur le site www.camping-schaffhausen.ch ou quant \u00e0 l'absence de virus ou autres \u00e9l\u00e9ments dommageables sur le site www.camping-schaffhausen.ch ou le serveur concern\u00e9.<\/p><p>\u00a0<\/p><p><strong>Liens vers d'autres sites web<\/strong><\/p><p>Le site web www.camping-schaffhausen.ch contient des liens vers des sites web de tiers qui peuvent vous int\u00e9resser. En activant de tels liens, il est possible que vous quittiez le site www.camping-schaffhausen.ch ou que des extraits de sites tiers apparaissent dans l'environnement du site www.camping-schaffhausen.ch. La commune de Feuerthalen n'a effectu\u00e9 aucun contr\u00f4le des sites Internet de tiers reli\u00e9s au site camping-schaffhausen.ch par des liens et n'est en aucun cas responsable du contenu ou du fonctionnement de ces sites Internet de tiers. Ceci est valable ind\u00e9pendamment du fait que vous quittiez le site camping-schaffhausen.ch lors de l'activation d'un lien ou que la pr\u00e9sentation se fasse dans l'environnement du site camping-schaffhausen.ch et m\u00eame si, dans ce dernier cas, le fournisseur d'informations d'un site tiers n'est pas \u00e9vident. L'\u00e9tablissement de ce lien ou la consultation de sites tiers se fait exclusivement aux risques et p\u00e9rils de l'utilisateur.<\/p><p>\u00a0<\/p><p><strong>Protection des donn\u00e9es<\/strong><\/p><p>La commune de Feuerthalen accorde une grande importance \u00e0 la protection des donn\u00e9es. Nous attirons votre attention sur le fait que votre visite sur notre site web et votre enregistrement\/r\u00e9servation\/communication nous mettent automatiquement en possession d'informations qui nous permettent de d\u00e9terminer comment les visiteurs utilisent notre site web et quelles informations et offres suscitent un int\u00e9r\u00eat particulier. Si vous vous enregistrez personnellement ou si vous effectuez des r\u00e9servations ou demandez du mat\u00e9riel d'information ou d'autres prestations via notre site web, nous avons besoin d'informations personnelles de votre part, comme par exemple votre nom et votre adresse. Nous traiterons vos donn\u00e9es personnelles de mani\u00e8re confidentielle.<\/p><p>\u00a0<\/p><p><strong>Transmission de l'e-mail<\/strong><\/p><p>La commune de Feuerthalen envoie des informations par e-mail, par exemple sur la mise \u00e0 jour de sites web ou sur des offres sp\u00e9ciales. Si vous vous inscrivez \u00e0 ce service, nous attirons votre attention sur le fait que la transmission d'e-mails n'est g\u00e9n\u00e9ralement pas crypt\u00e9e et qu'elle comporte entre autres le risque que de telles donn\u00e9es soient intercept\u00e9es et consult\u00e9es par des tiers.<\/p><p>\u00a0<\/p><p><strong>Avis de responsabilit\u00e9<\/strong><\/p><p>Malgr\u00e9 un contr\u00f4le minutieux du contenu, nous n'assumons aucune responsabilit\u00e9 pour le contenu des liens externes. Seuls les exploitants de ces sites sont responsables de leur contenu.<\/p>\t\t\t\t\t\t\t\t<\/div>\n\t\t\t\t<\/div>\n\t\t\t\t\t<\/div>\n\t\t\t\t<\/div>\n\t\t\t\t<\/div>","protected":false},"excerpt":{"rendered":"<p>Impressum Verp\u00e4chterin: Gemeindeverwaltung FeuerthalenFreizeitanlage RheinwieseTr\u00fcllerg\u00e4ssli 68245 FeuerthalenSchweiz Tel. +41 (0)52 647 47 47Fax +41 (0)52 647 47 48E-Mail: kanzlei@feuerthalen.chInternet: www.feuerthalen.ch Bitte lesen Sie die nachfolgenden Bedingungen aufmerksam durch, bevor Sie fortfahren. Personen, welche die Website Freizeitanlage Rheinwiese und Camping Schaffhausen abrufen, erkl\u00e4ren sich mit den nachstehenden Bedingungen einverstanden. \u00a0 Copyright und Markenrechte Der gesamte Inhalt [&hellip;]<\/p>\n","protected":false},"author":1,"featured_media":0,"parent":0,"menu_order":0,"comment_status":"closed","ping_status":"closed","template":"","meta":{"footnotes":""},"folder":[23],"class_list":["post-1472","page","type-page","status-publish","hentry"],"_links":{"self":[{"href":"https:\/\/camping-schaffhausen.ch\/fr\/wp-json\/wp\/v2\/pages\/1472","targetHints":{"allow":["GET"]}}],"collection":[{"href":"https:\/\/camping-schaffhausen.ch\/fr\/wp-json\/wp\/v2\/pages"}],"about":[{"href":"https:\/\/camping-schaffhausen.ch\/fr\/wp-json\/wp\/v2\/types\/page"}],"author":[{"embeddable":true,"href":"https:\/\/camping-schaffhausen.ch\/fr\/wp-json\/wp\/v2\/users\/1"}],"replies":[{"embeddable":true,"href":"https:\/\/camping-schaffhausen.ch\/fr\/wp-json\/wp\/v2\/comments?post=1472"}],"version-history":[{"count":11,"href":"https:\/\/camping-schaffhausen.ch\/fr\/wp-json\/wp\/v2\/pages\/1472\/revisions"}],"predecessor-version":[{"id":2372,"href":"https:\/\/camping-schaffhausen.ch\/fr\/wp-json\/wp\/v2\/pages\/1472\/revisions\/2372"}],"wp:attachment":[{"href":"https:\/\/camping-schaffhausen.ch\/fr\/wp-json\/wp\/v2\/media?parent=1472"}],"wp:term":[{"taxonomy":"folder","embeddable":true,"href":"https:\/\/camping-schaffhausen.ch\/fr\/wp-json\/wp\/v2\/folder?post=1472"}],"curies":[{"name":"wp","href":"https:\/\/api.w.org\/{rel}","templated":true}]}}