{"id":2701,"date":"2025-08-21T14:41:31","date_gmt":"2025-08-21T12:41:31","guid":{"rendered":"https:\/\/camping-schaffhausen.ch\/?page_id=2701"},"modified":"2025-08-21T14:46:52","modified_gmt":"2025-08-21T12:46:52","slug":"conditions-generales-de-camping","status":"publish","type":"page","link":"https:\/\/camping-schaffhausen.ch\/fr\/agb-camping\/","title":{"rendered":"Conditions g\u00e9n\u00e9rales de vente Camping"},"content":{"rendered":"<div data-elementor-type=\"wp-page\" data-elementor-id=\"2701\" class=\"elementor elementor-2701\" data-elementor-post-type=\"page\">\n\t\t\t\t<div class=\"elementor-element elementor-element-7de8298 e-con-full e-flex e-con e-parent\" data-id=\"7de8298\" data-element_type=\"container\" data-e-type=\"container\">\n\t\t<div class=\"elementor-element elementor-element-9200775 e-con-full e-flex e-con e-child\" data-id=\"9200775\" data-element_type=\"container\" data-e-type=\"container\" data-settings=\"{&quot;background_background&quot;:&quot;classic&quot;}\">\n\t\t\t\t<\/div>\n\t\t\t\t<\/div>\n\t\t<div class=\"elementor-element elementor-element-c0100a1 e-flex e-con-boxed e-con e-parent\" data-id=\"c0100a1\" data-element_type=\"container\" data-e-type=\"container\">\n\t\t\t\t\t<div class=\"e-con-inner\">\n\t\t\t\t<div class=\"elementor-element elementor-element-1cf5b2a elementor-widget elementor-widget-heading\" data-id=\"1cf5b2a\" data-element_type=\"widget\" data-e-type=\"widget\" data-widget_type=\"heading.default\">\n\t\t\t\t<div class=\"elementor-widget-container\">\n\t\t\t\t\t<h2 class=\"elementor-heading-title elementor-size-default\">Conditions g\u00e9n\u00e9rales de vente du centre de loisirs Rheinwiese - Camping Schaffhausen<\/h2>\t\t\t\t<\/div>\n\t\t\t\t<\/div>\n\t\t\t\t<div class=\"elementor-element elementor-element-4288277 elementor-widget elementor-widget-text-editor\" data-id=\"4288277\" data-element_type=\"widget\" data-e-type=\"widget\" data-widget_type=\"text-editor.default\">\n\t\t\t\t<div class=\"elementor-widget-container\">\n\t\t\t\t\t\t\t\t\t<p><strong>Conditions contractuelles<\/strong><br \/>Les pr\u00e9sentes CGV r\u00e8glent la relation juridique entre RheinGenuss GmbH\/ Camping Schaffhausen et le visiteur\/l'h\u00f4te du camping. Les dispositions du Code suisse des obligations demeurent r\u00e9serv\u00e9es.<\/p><p><strong>Ayants droit<\/strong><br \/>Les emplacements et les tentes ne peuvent \u00eatre lou\u00e9s que par des adultes. Les jeunes ne peuvent passer la nuit seuls sur le terrain de camping que dans des cas exceptionnels. Pour cela, ils ont besoin de l'accord \u00e9crit de leurs parents lors de l'inscription, avec indication du lieu de r\u00e9sidence et du num\u00e9ro de t\u00e9l\u00e9phone du responsable l\u00e9gal. En r\u00e8gle g\u00e9n\u00e9rale, un adulte doit \u00eatre pr\u00e9sent sur chaque emplacement et sur chaque tente. L'emplacement ne peut \u00eatre utilis\u00e9 que par le locataire, les accompagnateurs annonc\u00e9s ainsi que leurs visiteurs. Les demandes de parcelles sont prises en compte dans la mesure du possible.<\/p><p><strong>Places de parking<\/strong><br \/>Les camps de toile paient une place de parking suppl\u00e9mentaire, soit sur le terrain de camping, soit sur le parking ext\u00e9rieur. La voiture peut entrer sur le terrain de camping pour d\u00e9charger et charger. Aucune voiture ne circule ni ne stationne sur la pelouse de baignade. Les exceptions ne sont autoris\u00e9es que par la direction de l'\u00e9tablissement.<\/p><p><strong>Classes d'\u00e9cole<\/strong><br \/>Les groupes scolaires sont les bienvenus en dehors de la haute saison et pendant les week-ends de l'Ascension et de la Pentec\u00f4te.<br \/>sont les bienvenus. Au moins une personne de plus de 25 ans doit \u00eatre pr\u00e9sente.<br \/><br \/><strong>Visiteurs<\/strong><br \/>Il s'agit de personnes qui s\u00e9journent sur un emplacement. Elles doivent \u00eatre annonc\u00e9es par le locataire \u00e0 la r\u00e9ception et paient une entr\u00e9e journali\u00e8re.<\/p><p><strong>Repos nocturne<\/strong><br \/>Le repos nocturne entre 22h00 et 07h00 doit \u00eatre respect\u00e9, les infractions seront sanctionn\u00e9es.<br \/>\u00c0 partir de 22:00, la circulation est interdite aux voitures particuli\u00e8res et aux campeurs\/bus. Il en va de m\u00eame pour l'heure du d\u00e9jeuner de 12:00 \u00e0 13:15.<\/p><p><strong>Prix de la nuit\u00e9e<\/strong><br \/>Celui-ci se compose du prix de l'emplacement de camping ou de la tente, de l'\u00e9lectricit\u00e9 et des d\u00e9chets, ainsi que du prix de la nuit\u00e9e par personne.<\/p><p><strong>R\u00e8glement du terrain<\/strong><br \/>Celle-ci s'applique \u00e0 tous les visiteurs sur les emplacements touristiques 2-22, \u00e0 quelques exceptions pr\u00e8s : la poupe ou la proue est orient\u00e9e vers le Rhin, un stationnement transversal n'est possible que sur les emplacements 23 \u00e0 37. En cas de pluie forte et prolong\u00e9e, les v\u00e9los doivent \u00eatre gar\u00e9s sur les gravillons (sol stabilis\u00e9).<\/p><p><strong>Absence<\/strong><br \/>En cas d'absence pour la nuit, celle-ci doit \u00eatre signal\u00e9e au pr\u00e9alable \u00e0 la r\u00e9ception, sinon il n'y a pas de droit \u00e0 une r\u00e9duction de prix.<\/p><p><strong>V\u00e9los<\/strong><br \/>Il faut descendre de v\u00e9lo \u00e0 l'entr\u00e9e de la piscine\/de la r\u00e9ception. Les v\u00e9los ne sont pas autoris\u00e9s sur la terrasse du restaurant. Les touristes sous tente peuvent emmener leurs v\u00e9los sur le terrain de camping. Les baigneurs garent leurs v\u00e9los \u00e0 l'ext\u00e9rieur du site.<\/p><p><strong>Conditions de paiement<\/strong><br \/>Vous garantissez votre r\u00e9servation en indiquant les d\u00e9tails de votre carte de cr\u00e9dit. Vous pouvez payer sur place avec ce moyen de paiement ou d'autres. Nous acceptons les francs suisses, les euros, la Postcard, Maestro, Visa, Mastercard et Twint. Nous n'acceptons pas Amexco.<\/p><p><strong>D\u00e9p\u00f4t<\/strong><br \/>\u00c0 l'arriv\u00e9e, une consigne\/d\u00e9p\u00f4t de CHF ou d'euros 10 doit \u00eatre vers\u00e9e pour la carte de lecteur magn\u00e9tique (badge).<\/p><p><strong>Parking<\/strong><br \/>Le parking devant le b\u00e2timent principal est exclusivement r\u00e9serv\u00e9 aux visiteurs du centre de loisirs Rheinwiese. Les frais de parking doivent \u00eatre pay\u00e9s par les visiteurs, l'enregistrement de la plaque d'immatriculation du v\u00e9hicule est effectu\u00e9 par les h\u00f4tes. RheinGenuss GmbH \/ Camping Schaffhausen d\u00e9cline toute responsabilit\u00e9 en cas de mauvais stationnement ou d'enregistrement erron\u00e9. <br \/>Le parking est payant \u00e0 partir du 1er mai jusqu'\u00e0 la fin de la saison de baignade. Les panneaux sont recouverts de plastique lorsque les taxes sont supprim\u00e9es.<\/p><p><strong>Conditions d'annulation<\/strong><br \/>En cas d'annulation de votre r\u00e9servation, vous vous engagez \u00e0 rembourser les frais suivants :<\/p><p>Jusqu'\u00e0 14 jours avant l'arriv\u00e9e : annulation gratuite<br \/>Jusqu'\u00e0 7 jours avant l'arriv\u00e9e : 50 % du prix total<br \/>Jusqu'\u00e0 2 jours avant l'arriv\u00e9e : 80 % du prix total<br \/>1 jour avant l'arriv\u00e9e ou le jour d'arriv\u00e9e : 100 % du prix total<br \/>No show, arriv\u00e9e tardive, d\u00e9part anticip\u00e9 : 100 % du prix total<\/p><p>Une prolongation du s\u00e9jour sur la m\u00eame parcelle n'est possible qu'en cas de disponibilit\u00e9. <br \/>Les clients qui quittent l'\u00e9tablissement le jour m\u00eame peuvent se garer sur le parking ext\u00e9rieur et visiter le centre de loisirs toute la journ\u00e9e sans entr\u00e9e journali\u00e8re suppl\u00e9mentaire. Ils doivent toutefois s'acquitter des frais de parking.<\/p><p><strong>Arriv\u00e9e et d\u00e9part<\/strong><br \/>Basse saison du 1er avril au 30 juin\/ et du 1er septembre \u00e0 fin octobre <br \/>Check-in de 13h00 \u00e0 18h30, check-out de 07h00 \u00e0 11h00<\/p><p>Haute saison : P\u00e2ques, Ascension, Pentec\u00f4te, 1er juillet au 31 ao\u00fbt <br \/>Check-in de 13.00 \u00e0 21:30.00, check-out de 07.00 - 11.00 heures<\/p><p><strong>Autres<\/strong><br \/>Les chiens \/ animaux domestiques ne sont pas autoris\u00e9s sur l'ensemble du camping et de l'aire de baignade. <br \/>Les seules exceptions sont les chiens d'aveugle ou d'accompagnement. Les chiens sont les bienvenus sur la terrasse du restaurant et dans le restaurant, mais ils doivent toujours \u00eatre tenus en laisse.<\/p><p>Pour les propri\u00e9taires de chiens, nous offrons la possibilit\u00e9 de r\u00e9server des nuit\u00e9es sur le parking ext\u00e9rieur.<\/p><p>Langwiesen, le 21.05.2024 \/ RE<\/p>\t\t\t\t\t\t\t\t<\/div>\n\t\t\t\t<\/div>\n\t\t\t\t\t<\/div>\n\t\t\t\t<\/div>\n\t\t\t\t<\/div>","protected":false},"excerpt":{"rendered":"<p>Allgemeine Gesch\u00e4ftsbedingungen Freizeitanlage Rheinwiese \u2013 Camping Schaffhausen VertragsbedingungenDiese AGB\u2019s regeln die Rechtsbeziehung zwischen der RheinGenuss GmbH\/ Camping Schaffhausen und dem Besucher\/ Gast des Campings. Die Bestimmungen des Schweizerischen Obligationenrechts bleiben vorbehalten. NutzungsberechtigteStell- und Zeltpl\u00e4tze k\u00f6nnen nur von Erwachsenen gemietet werden. Jugendliche k\u00f6nnen nur in Ausnahmef\u00e4llen alleine auf dem Zeltplatz \u00fcbernachten. Daf\u00fcr ben\u00f6tigen sie bei der [&hellip;]<\/p>\n","protected":false},"author":1,"featured_media":0,"parent":0,"menu_order":0,"comment_status":"closed","ping_status":"closed","template":"","meta":{"footnotes":""},"folder":[23],"class_list":["post-2701","page","type-page","status-publish","hentry"],"_links":{"self":[{"href":"https:\/\/camping-schaffhausen.ch\/fr\/wp-json\/wp\/v2\/pages\/2701","targetHints":{"allow":["GET"]}}],"collection":[{"href":"https:\/\/camping-schaffhausen.ch\/fr\/wp-json\/wp\/v2\/pages"}],"about":[{"href":"https:\/\/camping-schaffhausen.ch\/fr\/wp-json\/wp\/v2\/types\/page"}],"author":[{"embeddable":true,"href":"https:\/\/camping-schaffhausen.ch\/fr\/wp-json\/wp\/v2\/users\/1"}],"replies":[{"embeddable":true,"href":"https:\/\/camping-schaffhausen.ch\/fr\/wp-json\/wp\/v2\/comments?post=2701"}],"version-history":[{"count":5,"href":"https:\/\/camping-schaffhausen.ch\/fr\/wp-json\/wp\/v2\/pages\/2701\/revisions"}],"predecessor-version":[{"id":2706,"href":"https:\/\/camping-schaffhausen.ch\/fr\/wp-json\/wp\/v2\/pages\/2701\/revisions\/2706"}],"wp:attachment":[{"href":"https:\/\/camping-schaffhausen.ch\/fr\/wp-json\/wp\/v2\/media?parent=2701"}],"wp:term":[{"taxonomy":"folder","embeddable":true,"href":"https:\/\/camping-schaffhausen.ch\/fr\/wp-json\/wp\/v2\/folder?post=2701"}],"curies":[{"name":"wp","href":"https:\/\/api.w.org\/{rel}","templated":true}]}}