{"id":2720,"date":"2025-08-21T15:39:15","date_gmt":"2025-08-21T13:39:15","guid":{"rendered":"https:\/\/camping-schaffhausen.ch\/?page_id=2720"},"modified":"2025-08-21T15:45:56","modified_gmt":"2025-08-21T13:45:56","slug":"reglement-de-la-baignade","status":"publish","type":"page","link":"https:\/\/camping-schaffhausen.ch\/fr\/badeordnung\/","title":{"rendered":"R\u00e8glement de la piscine"},"content":{"rendered":"<div data-elementor-type=\"wp-page\" data-elementor-id=\"2720\" class=\"elementor elementor-2720\" data-elementor-post-type=\"page\">\n\t\t\t\t<div class=\"elementor-element elementor-element-7de8298 e-con-full e-flex e-con e-parent\" data-id=\"7de8298\" data-element_type=\"container\" data-e-type=\"container\">\n\t\t<div class=\"elementor-element elementor-element-9200775 e-con-full e-flex e-con e-child\" data-id=\"9200775\" data-element_type=\"container\" data-e-type=\"container\" data-settings=\"{&quot;background_background&quot;:&quot;classic&quot;}\">\n\t\t\t\t<\/div>\n\t\t\t\t<\/div>\n\t\t<div class=\"elementor-element elementor-element-c0100a1 e-flex e-con-boxed e-con e-parent\" data-id=\"c0100a1\" data-element_type=\"container\" data-e-type=\"container\">\n\t\t\t\t\t<div class=\"e-con-inner\">\n\t\t\t\t<div class=\"elementor-element elementor-element-1cf5b2a elementor-widget elementor-widget-heading\" data-id=\"1cf5b2a\" data-element_type=\"widget\" data-e-type=\"widget\" data-widget_type=\"heading.default\">\n\t\t\t\t<div class=\"elementor-widget-container\">\n\t\t\t\t\t<h2 class=\"elementor-heading-title elementor-size-default\">R\u00e8glement de la piscine<\/h2>\t\t\t\t<\/div>\n\t\t\t\t<\/div>\n\t\t\t\t<div class=\"elementor-element elementor-element-886320b elementor-widget elementor-widget-text-editor\" data-id=\"886320b\" data-element_type=\"widget\" data-e-type=\"widget\" data-widget_type=\"text-editor.default\">\n\t\t\t\t<div class=\"elementor-widget-container\">\n\t\t\t\t\t\t\t\t\t<p>L'acc\u00e8s au centre de loisirs et au camping Rheinwiese se fait aux risques et p\u00e9rils de l'utilisateur. Toute responsabilit\u00e9 est d\u00e9clin\u00e9e !<\/p>\t\t\t\t\t\t\t\t<\/div>\n\t\t\t\t<\/div>\n\t\t\t\t<div class=\"elementor-element elementor-element-4288277 elementor-widget elementor-widget-text-editor\" data-id=\"4288277\" data-element_type=\"widget\" data-e-type=\"widget\" data-widget_type=\"text-editor.default\">\n\t\t\t\t<div class=\"elementor-widget-container\">\n\t\t\t\t\t\t\t\t\t<p>1. heures d'ouverture : tous les jours de 09:00 \u00e0 20:00 (saison d'\u00e9t\u00e9 jusqu'\u00e0 22:00)<br \/><br \/>2. l'acc\u00e8s \u00e0 la plage doit se faire exclusivement par l'entr\u00e9e principale, pr\u00e8s de la caisse.<\/p><p>3. il est interdit d'amener des chiens sur le terrain de camping et de baignade. Les chiens sont autoris\u00e9s en laisse au restaurant et sur la terrasse.<\/p><p>4. le personnel du centre de loisirs est responsable du calme et de l'ordre sur l'ensemble du site. Leurs instructions doivent \u00eatre respect\u00e9es. <br \/><br \/>Il convient de noter en particulier<\/p><ul><li>Ne jamais laisser les enfants et les jeunes enfants sans surveillance.<\/li><li>La baignade dans le Rhin et dans les pataugeoires se fait aux risques et p\u00e9rils de l'utilisateur. Toute responsabilit\u00e9 est d\u00e9clin\u00e9e.<\/li><li>Le verre bris\u00e9 qui tra\u00eene est dangereux pour tous les visiteurs. Veuillez le signaler imm\u00e9diatement \u00e0 un membre du personnel.<\/li><li>Les fumeurs peuvent emprunter des cendriers pour la zone de baignade.<\/li><li>Veuillez d\u00e9poser les d\u00e9chets dans les stations de d\u00e9chets correspondantes.<\/li><li>Respect et tol\u00e9rance lors de l'\u00e9coute de musique. Les haut-parleurs sont en principe interdits sur l'ensemble du site.<\/li><li>Veuillez laisser les enfants et les petits enfants jouer dans la pataugeoire uniquement en maillot de bain ou en couches de bain.<\/li><\/ul><p>\u00a0<\/p><p>En achetant un billet d'entr\u00e9e ou une carte de saison, vous acceptez le pr\u00e9sent r\u00e8glement.<\/p><p>\u00a0<\/p><p><br \/>Langwiesen en mai 2020<\/p>\t\t\t\t\t\t\t\t<\/div>\n\t\t\t\t<\/div>\n\t\t\t\t\t<\/div>\n\t\t\t\t<\/div>\n\t\t\t\t<\/div>","protected":false},"excerpt":{"rendered":"<p>Badeordnung Das Betreten der Freizeitanlage und Camping Rheinwiese erfolgt auf eigenes Risiko. Jede Haftung wird abgelehnt! 1. \u00d6ffnungszeiten: t\u00e4glich 09.00 bis 20.00 Uhr (Sommersaison bis 22:00) 2. Der Eintritt zum Strandbad hat ausschliesslich durch den Haupteingang bei der Kasse zu erfolgen. 3. Das Mitbringen von Hunden auf das Bade- und Campingareal ist nicht gestattet. Hunde [&hellip;]<\/p>\n","protected":false},"author":1,"featured_media":0,"parent":0,"menu_order":0,"comment_status":"closed","ping_status":"closed","template":"","meta":{"footnotes":""},"folder":[23],"class_list":["post-2720","page","type-page","status-publish","hentry"],"_links":{"self":[{"href":"https:\/\/camping-schaffhausen.ch\/fr\/wp-json\/wp\/v2\/pages\/2720","targetHints":{"allow":["GET"]}}],"collection":[{"href":"https:\/\/camping-schaffhausen.ch\/fr\/wp-json\/wp\/v2\/pages"}],"about":[{"href":"https:\/\/camping-schaffhausen.ch\/fr\/wp-json\/wp\/v2\/types\/page"}],"author":[{"embeddable":true,"href":"https:\/\/camping-schaffhausen.ch\/fr\/wp-json\/wp\/v2\/users\/1"}],"replies":[{"embeddable":true,"href":"https:\/\/camping-schaffhausen.ch\/fr\/wp-json\/wp\/v2\/comments?post=2720"}],"version-history":[{"count":5,"href":"https:\/\/camping-schaffhausen.ch\/fr\/wp-json\/wp\/v2\/pages\/2720\/revisions"}],"predecessor-version":[{"id":2725,"href":"https:\/\/camping-schaffhausen.ch\/fr\/wp-json\/wp\/v2\/pages\/2720\/revisions\/2725"}],"wp:attachment":[{"href":"https:\/\/camping-schaffhausen.ch\/fr\/wp-json\/wp\/v2\/media?parent=2720"}],"wp:term":[{"taxonomy":"folder","embeddable":true,"href":"https:\/\/camping-schaffhausen.ch\/fr\/wp-json\/wp\/v2\/folder?post=2720"}],"curies":[{"name":"wp","href":"https:\/\/api.w.org\/{rel}","templated":true}]}}